{"id":17181,"date":"2024-09-02T17:22:00","date_gmt":"2024-09-02T17:22:00","guid":{"rendered":"https:\/\/fikragency.com\/altat\/?post_type=product&#038;p=17181"},"modified":"2024-09-02T17:23:05","modified_gmt":"2024-09-02T17:23:05","slug":"wufo-balls-hindistan-cevizli-bademli-top-gofret","status":"publish","type":"product","link":"https:\/\/altat.com.tr\/index.php\/urun\/wufo-balls-hindistan-cevizli-bademli-top-gofret\/","title":{"rendered":"Wufo Balls hindistan Cevizli Bademli Top Gofret"},"content":{"rendered":"","protected":false},"excerpt":{"rendered":"<table>\n<tbody>\n<tr>\n<th style=\"text-align: left;\">\u00d6zellik<\/th>\n<th style=\"text-align: left;\">Bilgi<\/th>\n<\/tr>\n<tr>\n<td style=\"text-align: left;\">Paketleme<\/td>\n<td style=\"text-align: left;\">150g x 16<\/td>\n<\/tr>\n<tr>\n<td style=\"text-align: left;\">Kutu Hacmi<\/td>\n<td style=\"text-align: left;\">0,0221 m\u00b3<\/td>\n<\/tr>\n<tr>\n<td style=\"text-align: left;\">Net A\u011f\u0131rl\u0131k<\/td>\n<td style=\"text-align: left;\">150gr<\/td>\n<\/tr>\n<\/tbody>\n<\/table>\n","protected":false},"featured_media":17182,"template":"","meta":[],"product_brand":[],"product_cat":[28],"product_tag":[],"class_list":{"0":"post-17181","1":"product","2":"type-product","3":"status-publish","4":"has-post-thumbnail","6":"product_cat-gofret","8":"first","9":"instock","10":"featured","11":"shipping-taxable","12":"product-type-simple"},"_links":{"self":[{"href":"https:\/\/altat.com.tr\/index.php\/wp-json\/wp\/v2\/product\/17181","targetHints":{"allow":["GET"]}}],"collection":[{"href":"https:\/\/altat.com.tr\/index.php\/wp-json\/wp\/v2\/product"}],"about":[{"href":"https:\/\/altat.com.tr\/index.php\/wp-json\/wp\/v2\/types\/product"}],"version-history":[{"count":1,"href":"https:\/\/altat.com.tr\/index.php\/wp-json\/wp\/v2\/product\/17181\/revisions"}],"predecessor-version":[{"id":17183,"href":"https:\/\/altat.com.tr\/index.php\/wp-json\/wp\/v2\/product\/17181\/revisions\/17183"}],"wp:featuredmedia":[{"embeddable":true,"href":"https:\/\/altat.com.tr\/index.php\/wp-json\/wp\/v2\/media\/17182"}],"wp:attachment":[{"href":"https:\/\/altat.com.tr\/index.php\/wp-json\/wp\/v2\/media?parent=17181"}],"wp:term":[{"taxonomy":"product_brand","embeddable":true,"href":"https:\/\/altat.com.tr\/index.php\/wp-json\/wp\/v2\/product_brand?post=17181"},{"taxonomy":"product_cat","embeddable":true,"href":"https:\/\/altat.com.tr\/index.php\/wp-json\/wp\/v2\/product_cat?post=17181"},{"taxonomy":"product_tag","embeddable":true,"href":"https:\/\/altat.com.tr\/index.php\/wp-json\/wp\/v2\/product_tag?post=17181"}],"curies":[{"name":"wp","href":"https:\/\/api.w.org\/{rel}","templated":true}]}}