{"id":17173,"date":"2024-09-02T17:12:08","date_gmt":"2024-09-02T17:12:08","guid":{"rendered":"https:\/\/fikragency.com\/altat\/?post_type=product&#038;p=17173"},"modified":"2024-09-02T17:16:37","modified_gmt":"2024-09-02T17:16:37","slug":"wufo-amoret-kutu","status":"publish","type":"product","link":"https:\/\/altat.com.tr\/index.php\/urun\/wufo-amoret-kutu\/","title":{"rendered":"Wufo Amoret Kutu"},"content":{"rendered":"","protected":false},"excerpt":{"rendered":"<table>\n<tbody>\n<tr>\n<th style=\"text-align: left;\">\u00d6zellik<\/th>\n<th style=\"text-align: left;\">Bilgi<\/th>\n<\/tr>\n<tr>\n<td style=\"text-align: left;\">Paketleme<\/td>\n<td style=\"text-align: left;\">1000g x 12<\/td>\n<\/tr>\n<tr>\n<td style=\"text-align: left;\">Kutu Hacmi<\/td>\n<td style=\"text-align: left;\">0,0314 m\u00b3<\/td>\n<\/tr>\n<tr>\n<td style=\"text-align: left;\">Net A\u011f\u0131rl\u0131k<\/td>\n<td style=\"text-align: left;\">1000gr<\/td>\n<\/tr>\n<\/tbody>\n<\/table>\n","protected":false},"featured_media":17174,"template":"","meta":[],"product_brand":[],"product_cat":[28],"product_tag":[],"class_list":{"0":"post-17173","1":"product","2":"type-product","3":"status-publish","4":"has-post-thumbnail","6":"product_cat-gofret","8":"first","9":"instock","10":"featured","11":"shipping-taxable","12":"product-type-simple"},"_links":{"self":[{"href":"https:\/\/altat.com.tr\/index.php\/wp-json\/wp\/v2\/product\/17173","targetHints":{"allow":["GET"]}}],"collection":[{"href":"https:\/\/altat.com.tr\/index.php\/wp-json\/wp\/v2\/product"}],"about":[{"href":"https:\/\/altat.com.tr\/index.php\/wp-json\/wp\/v2\/types\/product"}],"version-history":[{"count":1,"href":"https:\/\/altat.com.tr\/index.php\/wp-json\/wp\/v2\/product\/17173\/revisions"}],"predecessor-version":[{"id":17178,"href":"https:\/\/altat.com.tr\/index.php\/wp-json\/wp\/v2\/product\/17173\/revisions\/17178"}],"wp:featuredmedia":[{"embeddable":true,"href":"https:\/\/altat.com.tr\/index.php\/wp-json\/wp\/v2\/media\/17174"}],"wp:attachment":[{"href":"https:\/\/altat.com.tr\/index.php\/wp-json\/wp\/v2\/media?parent=17173"}],"wp:term":[{"taxonomy":"product_brand","embeddable":true,"href":"https:\/\/altat.com.tr\/index.php\/wp-json\/wp\/v2\/product_brand?post=17173"},{"taxonomy":"product_cat","embeddable":true,"href":"https:\/\/altat.com.tr\/index.php\/wp-json\/wp\/v2\/product_cat?post=17173"},{"taxonomy":"product_tag","embeddable":true,"href":"https:\/\/altat.com.tr\/index.php\/wp-json\/wp\/v2\/product_tag?post=17173"}],"curies":[{"name":"wp","href":"https:\/\/api.w.org\/{rel}","templated":true}]}}