{"id":17150,"date":"2024-09-02T16:54:16","date_gmt":"2024-09-02T16:54:16","guid":{"rendered":"https:\/\/fikragency.com\/altat\/?post_type=product&#038;p=17150"},"modified":"2024-09-02T17:06:36","modified_gmt":"2024-09-02T17:06:36","slug":"altella-kup-gofret-10gr","status":"publish","type":"product","link":"https:\/\/altat.com.tr\/index.php\/urun\/altella-kup-gofret-10gr\/","title":{"rendered":"Altella K\u00fcp Gofret 10gr"},"content":{"rendered":"","protected":false},"excerpt":{"rendered":"<table>\n<tbody>\n<tr>\n<th style=\"text-align: left;\">\u00d6zellik<\/th>\n<th style=\"text-align: left;\">Bilgi<\/th>\n<\/tr>\n<tr>\n<td style=\"text-align: left;\">Paketleme<\/td>\n<td style=\"text-align: left;\">200g x 12 &#8211; 250g x 12<\/td>\n<\/tr>\n<tr>\n<td style=\"text-align: left;\">Kutu Hacmi<\/td>\n<td style=\"text-align: left;\">0,0282 m\u00b3 &#8211; 0,0282 m\u00b3<\/td>\n<\/tr>\n<tr>\n<td style=\"text-align: left;\">Net A\u011f\u0131rl\u0131k<\/td>\n<td style=\"text-align: left;\">200g &#8211; 250g<\/td>\n<\/tr>\n<\/tbody>\n<\/table>\n","protected":false},"featured_media":17151,"template":"","meta":[],"product_brand":[],"product_cat":[28],"product_tag":[],"class_list":{"0":"post-17150","1":"product","2":"type-product","3":"status-publish","4":"has-post-thumbnail","6":"product_cat-gofret","8":"first","9":"instock","10":"featured","11":"shipping-taxable","12":"product-type-simple"},"_links":{"self":[{"href":"https:\/\/altat.com.tr\/index.php\/wp-json\/wp\/v2\/product\/17150","targetHints":{"allow":["GET"]}}],"collection":[{"href":"https:\/\/altat.com.tr\/index.php\/wp-json\/wp\/v2\/product"}],"about":[{"href":"https:\/\/altat.com.tr\/index.php\/wp-json\/wp\/v2\/types\/product"}],"version-history":[{"count":5,"href":"https:\/\/altat.com.tr\/index.php\/wp-json\/wp\/v2\/product\/17150\/revisions"}],"predecessor-version":[{"id":17157,"href":"https:\/\/altat.com.tr\/index.php\/wp-json\/wp\/v2\/product\/17150\/revisions\/17157"}],"wp:featuredmedia":[{"embeddable":true,"href":"https:\/\/altat.com.tr\/index.php\/wp-json\/wp\/v2\/media\/17151"}],"wp:attachment":[{"href":"https:\/\/altat.com.tr\/index.php\/wp-json\/wp\/v2\/media?parent=17150"}],"wp:term":[{"taxonomy":"product_brand","embeddable":true,"href":"https:\/\/altat.com.tr\/index.php\/wp-json\/wp\/v2\/product_brand?post=17150"},{"taxonomy":"product_cat","embeddable":true,"href":"https:\/\/altat.com.tr\/index.php\/wp-json\/wp\/v2\/product_cat?post=17150"},{"taxonomy":"product_tag","embeddable":true,"href":"https:\/\/altat.com.tr\/index.php\/wp-json\/wp\/v2\/product_tag?post=17150"}],"curies":[{"name":"wp","href":"https:\/\/api.w.org\/{rel}","templated":true}]}}