{"id":16733,"date":"2024-08-14T10:38:37","date_gmt":"2024-08-14T10:38:37","guid":{"rendered":"https:\/\/fikragency.com\/altat\/?post_type=product&#038;p=16733"},"modified":"2024-08-17T21:15:59","modified_gmt":"2024-08-17T21:15:59","slug":"bonbon-mini-meyve-aromali-mini-bonbon-1000gr-poset","status":"publish","type":"product","link":"https:\/\/altat.com.tr\/index.php\/urun\/bonbon-mini-meyve-aromali-mini-bonbon-1000gr-poset\/","title":{"rendered":"Bonbon Mini Meyve Aromal\u0131 Mini Bonbon"},"content":{"rendered":"","protected":false},"excerpt":{"rendered":"<p>&nbsp;<\/p>\n<table>\n<thead>\n<tr>\n<th><strong>\u00d6zellik<\/strong><\/th>\n<th><strong>Bilgi<\/strong><\/th>\n<\/tr>\n<\/thead>\n<tbody>\n<tr>\n<td><strong>\u00c7e\u015fit No<\/strong><\/td>\n<td>1204<\/td>\n<\/tr>\n<tr>\n<td><strong>Adet\/Koli<\/strong><\/td>\n<td>5<\/td>\n<\/tr>\n<tr>\n<td><strong>Net A\u011f\u0131rl\u0131k<\/strong><\/td>\n<td>1000 gr<\/td>\n<\/tr>\n<tr>\n<td><strong>Koli Ebatlar\u0131<\/strong><\/td>\n<td>265x200x210<\/td>\n<\/tr>\n<\/tbody>\n<\/table>\n","protected":false},"featured_media":16734,"template":"","meta":[],"product_brand":[],"product_cat":[29],"product_tag":[],"class_list":{"0":"post-16733","1":"product","2":"type-product","3":"status-publish","4":"has-post-thumbnail","6":"product_cat-seker","8":"first","9":"instock","10":"featured","11":"shipping-taxable","12":"product-type-simple"},"_links":{"self":[{"href":"https:\/\/altat.com.tr\/index.php\/wp-json\/wp\/v2\/product\/16733","targetHints":{"allow":["GET"]}}],"collection":[{"href":"https:\/\/altat.com.tr\/index.php\/wp-json\/wp\/v2\/product"}],"about":[{"href":"https:\/\/altat.com.tr\/index.php\/wp-json\/wp\/v2\/types\/product"}],"version-history":[{"count":3,"href":"https:\/\/altat.com.tr\/index.php\/wp-json\/wp\/v2\/product\/16733\/revisions"}],"predecessor-version":[{"id":17059,"href":"https:\/\/altat.com.tr\/index.php\/wp-json\/wp\/v2\/product\/16733\/revisions\/17059"}],"wp:featuredmedia":[{"embeddable":true,"href":"https:\/\/altat.com.tr\/index.php\/wp-json\/wp\/v2\/media\/16734"}],"wp:attachment":[{"href":"https:\/\/altat.com.tr\/index.php\/wp-json\/wp\/v2\/media?parent=16733"}],"wp:term":[{"taxonomy":"product_brand","embeddable":true,"href":"https:\/\/altat.com.tr\/index.php\/wp-json\/wp\/v2\/product_brand?post=16733"},{"taxonomy":"product_cat","embeddable":true,"href":"https:\/\/altat.com.tr\/index.php\/wp-json\/wp\/v2\/product_cat?post=16733"},{"taxonomy":"product_tag","embeddable":true,"href":"https:\/\/altat.com.tr\/index.php\/wp-json\/wp\/v2\/product_tag?post=16733"}],"curies":[{"name":"wp","href":"https:\/\/api.w.org\/{rel}","templated":true}]}}