{"id":16588,"date":"2024-08-13T20:36:41","date_gmt":"2024-08-13T20:36:41","guid":{"rendered":"https:\/\/fikragency.com\/altat\/?post_type=product&#038;p=16588"},"modified":"2024-08-17T15:32:03","modified_gmt":"2024-08-17T15:32:03","slug":"choco-cikolata-kapli-hindistan-cevizli-bar-240gr","status":"publish","type":"product","link":"https:\/\/altat.com.tr\/index.php\/urun\/choco-cikolata-kapli-hindistan-cevizli-bar-240gr\/","title":{"rendered":"Choco Cikolata Kapl\u0131 Hindistan Cevizli Bar"},"content":{"rendered":"","protected":false},"excerpt":{"rendered":"<p>&nbsp;<\/p>\n<table>\n<thead>\n<tr>\n<th><strong>\u00d6zellik<\/strong><\/th>\n<th><strong>Bilgi<\/strong><\/th>\n<\/tr>\n<\/thead>\n<tbody>\n<tr>\n<td><strong>\u00c7e\u015fit No<\/strong><\/td>\n<td>951<\/td>\n<\/tr>\n<tr>\n<td><strong>Adet\/Koli<\/strong><\/td>\n<td>12<\/td>\n<\/tr>\n<tr>\n<td><strong>Net A\u011f\u0131rl\u0131k<\/strong><\/td>\n<td>240 gr<\/td>\n<\/tr>\n<tr>\n<td><strong>Koli Ebatlar\u0131<\/strong><\/td>\n<td>210x360x192<\/td>\n<\/tr>\n<\/tbody>\n<\/table>\n","protected":false},"featured_media":16589,"template":"","meta":[],"product_brand":[],"product_cat":[20],"product_tag":[],"class_list":{"0":"post-16588","1":"product","2":"type-product","3":"status-publish","4":"has-post-thumbnail","6":"product_cat-cikolata","8":"first","9":"instock","10":"featured","11":"shipping-taxable","12":"product-type-simple"},"_links":{"self":[{"href":"https:\/\/altat.com.tr\/index.php\/wp-json\/wp\/v2\/product\/16588","targetHints":{"allow":["GET"]}}],"collection":[{"href":"https:\/\/altat.com.tr\/index.php\/wp-json\/wp\/v2\/product"}],"about":[{"href":"https:\/\/altat.com.tr\/index.php\/wp-json\/wp\/v2\/types\/product"}],"version-history":[{"count":3,"href":"https:\/\/altat.com.tr\/index.php\/wp-json\/wp\/v2\/product\/16588\/revisions"}],"predecessor-version":[{"id":17037,"href":"https:\/\/altat.com.tr\/index.php\/wp-json\/wp\/v2\/product\/16588\/revisions\/17037"}],"wp:featuredmedia":[{"embeddable":true,"href":"https:\/\/altat.com.tr\/index.php\/wp-json\/wp\/v2\/media\/16589"}],"wp:attachment":[{"href":"https:\/\/altat.com.tr\/index.php\/wp-json\/wp\/v2\/media?parent=16588"}],"wp:term":[{"taxonomy":"product_brand","embeddable":true,"href":"https:\/\/altat.com.tr\/index.php\/wp-json\/wp\/v2\/product_brand?post=16588"},{"taxonomy":"product_cat","embeddable":true,"href":"https:\/\/altat.com.tr\/index.php\/wp-json\/wp\/v2\/product_cat?post=16588"},{"taxonomy":"product_tag","embeddable":true,"href":"https:\/\/altat.com.tr\/index.php\/wp-json\/wp\/v2\/product_tag?post=16588"}],"curies":[{"name":"wp","href":"https:\/\/api.w.org\/{rel}","templated":true}]}}