{"id":16050,"date":"2024-08-12T16:22:33","date_gmt":"2024-08-12T16:22:33","guid":{"rendered":"https:\/\/fikragency.com\/altat\/?post_type=product&#038;p=16050"},"modified":"2024-08-17T12:41:11","modified_gmt":"2024-08-17T12:41:11","slug":"alt-special-kakao-dolgulu-princ-patlakli-kokolin-450gr","status":"publish","type":"product","link":"https:\/\/altat.com.tr\/index.php\/urun\/alt-special-kakao-dolgulu-princ-patlakli-kokolin-450gr\/","title":{"rendered":"ALT Special Kakao Dolgulu Prin\u00e7 Patlakl\u0131 Kokolin"},"content":{"rendered":"","protected":false},"excerpt":{"rendered":"<p>&nbsp;<\/p>\n<table>\n<thead>\n<tr>\n<th><strong>\u00d6zellik<\/strong><\/th>\n<th><strong>Bilgi<\/strong><\/th>\n<\/tr>\n<\/thead>\n<tbody>\n<tr>\n<td><strong>\u00c7e\u015fit No<\/strong><\/td>\n<td>144<\/td>\n<\/tr>\n<tr>\n<td><strong>Adet\/Koli<\/strong><\/td>\n<td>12<\/td>\n<\/tr>\n<tr>\n<td><strong>Net A\u011f\u0131rl\u0131k<\/strong><\/td>\n<td>450 gr<\/td>\n<\/tr>\n<tr>\n<td><strong>Koli Ebatlar\u0131<\/strong><\/td>\n<td>470x315x200<\/td>\n<\/tr>\n<\/tbody>\n<\/table>\n","protected":false},"featured_media":16060,"template":"","meta":[],"product_brand":[],"product_cat":[20],"product_tag":[],"class_list":{"0":"post-16050","1":"product","2":"type-product","3":"status-publish","4":"has-post-thumbnail","6":"product_cat-cikolata","8":"first","9":"instock","10":"featured","11":"shipping-taxable","12":"product-type-simple"},"_links":{"self":[{"href":"https:\/\/altat.com.tr\/index.php\/wp-json\/wp\/v2\/product\/16050","targetHints":{"allow":["GET"]}}],"collection":[{"href":"https:\/\/altat.com.tr\/index.php\/wp-json\/wp\/v2\/product"}],"about":[{"href":"https:\/\/altat.com.tr\/index.php\/wp-json\/wp\/v2\/types\/product"}],"version-history":[{"count":6,"href":"https:\/\/altat.com.tr\/index.php\/wp-json\/wp\/v2\/product\/16050\/revisions"}],"predecessor-version":[{"id":16955,"href":"https:\/\/altat.com.tr\/index.php\/wp-json\/wp\/v2\/product\/16050\/revisions\/16955"}],"wp:featuredmedia":[{"embeddable":true,"href":"https:\/\/altat.com.tr\/index.php\/wp-json\/wp\/v2\/media\/16060"}],"wp:attachment":[{"href":"https:\/\/altat.com.tr\/index.php\/wp-json\/wp\/v2\/media?parent=16050"}],"wp:term":[{"taxonomy":"product_brand","embeddable":true,"href":"https:\/\/altat.com.tr\/index.php\/wp-json\/wp\/v2\/product_brand?post=16050"},{"taxonomy":"product_cat","embeddable":true,"href":"https:\/\/altat.com.tr\/index.php\/wp-json\/wp\/v2\/product_cat?post=16050"},{"taxonomy":"product_tag","embeddable":true,"href":"https:\/\/altat.com.tr\/index.php\/wp-json\/wp\/v2\/product_tag?post=16050"}],"curies":[{"name":"wp","href":"https:\/\/api.w.org\/{rel}","templated":true}]}}