{"id":15881,"date":"2024-08-07T15:31:39","date_gmt":"2024-08-07T15:31:39","guid":{"rendered":"https:\/\/fikragency.com\/altat\/?post_type=product&#038;p=15881"},"modified":"2024-08-07T15:35:50","modified_gmt":"2024-08-07T15:35:50","slug":"toffiesmeyve-aromali-yumusakseker","status":"publish","type":"product","link":"https:\/\/altat.com.tr\/index.php\/urun\/toffiesmeyve-aromali-yumusakseker\/","title":{"rendered":"Toffies Meyve Aromal\u0131 Yumu\u015fak \u015eeker"},"content":{"rendered":"","protected":false},"excerpt":{"rendered":"<p>Toffies Meyve Aromal\u0131 Yumu\u015fak \u015eeker<\/p>\n","protected":false},"featured_media":15882,"template":"","meta":[],"product_brand":[],"product_cat":[29],"product_tag":[],"class_list":{"0":"post-15881","1":"product","2":"type-product","3":"status-publish","4":"has-post-thumbnail","6":"product_cat-seker","8":"first","9":"instock","10":"shipping-taxable","11":"product-type-simple"},"_links":{"self":[{"href":"https:\/\/altat.com.tr\/index.php\/wp-json\/wp\/v2\/product\/15881","targetHints":{"allow":["GET"]}}],"collection":[{"href":"https:\/\/altat.com.tr\/index.php\/wp-json\/wp\/v2\/product"}],"about":[{"href":"https:\/\/altat.com.tr\/index.php\/wp-json\/wp\/v2\/types\/product"}],"version-history":[{"count":1,"href":"https:\/\/altat.com.tr\/index.php\/wp-json\/wp\/v2\/product\/15881\/revisions"}],"predecessor-version":[{"id":15888,"href":"https:\/\/altat.com.tr\/index.php\/wp-json\/wp\/v2\/product\/15881\/revisions\/15888"}],"wp:featuredmedia":[{"embeddable":true,"href":"https:\/\/altat.com.tr\/index.php\/wp-json\/wp\/v2\/media\/15882"}],"wp:attachment":[{"href":"https:\/\/altat.com.tr\/index.php\/wp-json\/wp\/v2\/media?parent=15881"}],"wp:term":[{"taxonomy":"product_brand","embeddable":true,"href":"https:\/\/altat.com.tr\/index.php\/wp-json\/wp\/v2\/product_brand?post=15881"},{"taxonomy":"product_cat","embeddable":true,"href":"https:\/\/altat.com.tr\/index.php\/wp-json\/wp\/v2\/product_cat?post=15881"},{"taxonomy":"product_tag","embeddable":true,"href":"https:\/\/altat.com.tr\/index.php\/wp-json\/wp\/v2\/product_tag?post=15881"}],"curies":[{"name":"wp","href":"https:\/\/api.w.org\/{rel}","templated":true}]}}